{"id":50526,"date":"2021-05-04T22:25:18","date_gmt":"2021-05-04T20:25:18","guid":{"rendered":"https:\/\/enocoo.com\/?page_id=50526"},"modified":"2021-05-06T13:11:41","modified_gmt":"2021-05-06T11:11:41","slug":"angebot","status":"publish","type":"page","link":"https:\/\/enocoo.com\/en\/angebot\/","title":{"rendered":"Services"},"content":{"rendered":"<p>[et_pb_section fb_built=&#8220;1&#8243; _builder_version=&#8220;4.9.4&#8243; _module_preset=&#8220;default&#8220; use_background_color_gradient=&#8220;on&#8220; background_color_gradient_start=&#8220;rgba(2,160,179,0.82)&#8220; background_color_gradient_end=&#8220;rgba(98,181,88,0.86)&#8220; background_color_gradient_direction=&#8220;90deg&#8220; background_color_gradient_overlays_image=&#8220;on&#8220; background_image=&#8220;https:\/\/enocoo.com\/wp-content\/uploads\/2021\/04\/computer-science-concept.jpg&#8220; custom_padding=&#8220;30px||30px||true|false&#8220; saved_tabs=&#8220;all&#8220;][et_pb_row use_custom_gutter=&#8220;on&#8220; gutter_width=&#8220;2&#8243; make_equal=&#8220;on&#8220; _builder_version=&#8220;4.9.4&#8243; custom_margin=&#8220;-29px|auto|-33px|auto||&#8220; custom_padding=&#8220;87px||87px||true|false&#8220; locked=&#8220;off&#8220;][et_pb_column type=&#8220;4_4&#8243; _builder_version=&#8220;3.26.3&#8243;][et_pb_text _builder_version=&#8220;4.9.4&#8243; text_font=&#8220;Alata||||||||&#8220; text_text_color=&#8220;#ffffff&#8220; text_font_size=&#8220;15px&#8220; text_line_height=&#8220;1em&#8220; background_color=&#8220;rgba(255, 255, 255, 0.2);&#8220; text_orientation=&#8220;center&#8220; max_width=&#8220;128px&#8220; module_alignment=&#8220;center&#8220; custom_padding=&#8220;9px||11px||false|false&#8220; hover_enabled=&#8220;0&#8243; border_radii=&#8220;on|100px|100px|100px|100px&#8220; locked=&#8220;off&#8220; sticky_enabled=&#8220;0&#8243;]<\/p>\n<p>Angebot<\/p>\n<p>[\/et_pb_text][et_pb_text _builder_version=&#8220;4.9.4&#8243; header_font=&#8220;|600|||||||&#8220; header_text_align=&#8220;center&#8220; header_text_color=&#8220;#ffffff&#8220; header_line_height=&#8220;1.3em&#8220; max_width=&#8220;800px&#8220; module_alignment=&#8220;center&#8220; custom_padding=&#8220;14px|||||&#8220; header_font_size_tablet=&#8220;30px&#8220; header_font_size_phone=&#8220;25px&#8220; header_font_size_last_edited=&#8220;on|desktop&#8220;]<\/p>\n<h1>Die durchschnittliche CO<sub>2<\/sub> -Einsparung betragen je nach Baustandard (EnEV\/KFW 55) und Heizsystem<br \/>(\u00d6l\/Gas\/Pellets\/WP mit Std. Strommix) zwischen 1,8 und 3,8 t CO<sub>2<\/sub> \/Jahr\/Wohneinheit.<\/h1>\n<p>[\/et_pb_text][\/et_pb_column][\/et_pb_row][\/et_pb_section][et_pb_section fb_built=&#8220;1&#8243; _builder_version=&#8220;4.6.3&#8243; _module_preset=&#8220;default&#8220; custom_padding=&#8220;35px||86px|||&#8220;][et_pb_row column_structure=&#8220;1_2,1_2&#8243; use_custom_gutter=&#8220;on&#8220; gutter_width=&#8220;2&#8243; make_equal=&#8220;on&#8220; module_id=&#8220;nutzen-kommunen&#8220; _builder_version=&#8220;4.9.4&#8243; width=&#8220;90%&#8220; width_tablet=&#8220;90%&#8220; width_phone=&#8220;90%&#8220; width_last_edited=&#8220;on|desktop&#8220; max_width_tablet=&#8220;90%&#8220; max_width_phone=&#8220;90%&#8220; max_width_last_edited=&#8220;on|phone&#8220; custom_margin=&#8220;40px||||false|false&#8220; custom_padding=&#8220;0px||0px|||&#8220; locked=&#8220;off&#8220;][et_pb_column type=&#8220;1_2&#8243; _builder_version=&#8220;4.4.8&#8243;][et_pb_text _builder_version=&#8220;4.9.4&#8243; header_4_font=&#8220;Catamaran|700|||||||&#8220; header_4_text_align=&#8220;left&#8220; header_4_text_color=&#8220;#494949&#8243; header_4_font_size=&#8220;36px&#8220; header_4_line_height=&#8220;1.3em&#8220; max_width=&#8220;500px&#8220; module_alignment=&#8220;left&#8220; custom_margin=&#8220;7px||||false|false&#8220; custom_margin_tablet=&#8220;-18px||||false|false&#8220; custom_margin_phone=&#8220;-18px||||false|false&#8220; custom_margin_last_edited=&#8220;on|phone&#8220; header_4_text_align_tablet=&#8220;&#8220; header_4_text_align_phone=&#8220;center&#8220; header_4_text_align_last_edited=&#8220;on|phone&#8220;]<\/p>\n<h4><span>Unsere Leistungen von der Planung bis zur Umsetzung<\/span><\/h4>\n<p>[\/et_pb_text][et_pb_accordion _builder_version=&#8220;4.9.4&#8243; _module_preset=&#8220;default&#8220;][et_pb_accordion_item title=&#8220;Bedarfsanalyse&#8220; open=&#8220;on&#8220; _builder_version=&#8220;4.9.4&#8243; _module_preset=&#8220;default&#8220; body_font=&#8220;|300|||||||&#8220;]<\/p>\n<p><span>Wir simulieren den Energiebedarf bei <strong>Neubauten<\/strong> und <strong>Bestandsimmobilien<\/strong> und liefern Ihnen Konzepte zur ausschlie\u00dflichen Nutzung von regenerativer Energie.<\/span><\/p>\n<p><span>Bei <strong>Bestandsimmobilien<\/strong> analysieren wir den Energiebedarf und zeigen Einspar-Potenziale auf.<\/span><\/p>\n<p>[\/et_pb_accordion_item][et_pb_accordion_item title=&#8220;TGA-Planung (HOAI LPH 1-7)&#8220; _builder_version=&#8220;4.9.4&#8243; _module_preset=&#8220;default&#8220; body_font=&#8220;|300|||||||&#8220; open=&#8220;off&#8220;]<\/p>\n<p><span>Wir planen ihr TGA-Projekt durch alle Phasen der HOAI bis zur Vergabe. Dies umfasst unter anderem die Bereiche Heizung, L\u00fcftung, Sanit\u00e4r sowie Elektro- und Energieerzeugungsanlagen und Netzwerktechnik.<\/span><\/p>\n<p>[\/et_pb_accordion_item][et_pb_accordion_item title=&#8220;Implementierung des Energiemanagementsystems&#8220; _builder_version=&#8220;4.9.4&#8243; _module_preset=&#8220;default&#8220; body_font=&#8220;|300|||||||&#8220; open=&#8220;off&#8220;]<\/p>\n<p><span>enocoo ist so programmiert, dass es m\u00f6glichst nur den selbsterzeugten Strom nutzt. Dies umfasst W\u00e4rmepumpen zur Heizung und Brauchwassererw\u00e4rmung genauso wie Ladestationen f\u00fcr die E-Mobilit\u00e4t und alle Energie-Speichertechnologien.<\/span><span>\u00a0<\/span><\/p>\n<p><span>\u00dcber eine Webseite f\u00fcr die Bewohner k\u00f6nnen sich diese \u00fcber ihre Siedlungs- und Eigenverbrauchswerte informieren.<\/span><\/p>\n<p><span>Auf die prognostizierten Lastg\u00e4nge mit Energie-\u00dcberschuss kann zus\u00e4tzlich \u00fcber einen Webdienst zugegriffen werden.<\/span><\/p>\n<ul><\/ul>\n<p>[\/et_pb_accordion_item][et_pb_accordion_item title=&#8220;Implementierung der Messdienstleistung&#8220; _builder_version=&#8220;4.9.4&#8243; _module_preset=&#8220;default&#8220; body_font=&#8220;|300|||||||&#8220; open=&#8220;off&#8220;]<\/p>\n<p><span>Wir messen alle Verbrauchs- und Erzeugungsz\u00e4hler im 15-Minuten-Takt und erstellen f\u00fcr sie die Heiz- und Energiekostenabrechnung mit 15-Minuten-Strompreisen.<\/span><\/p>\n<ul><\/ul>\n<ul><\/ul>\n<p>[\/et_pb_accordion_item][et_pb_accordion_item title=&#8220;Implementierung des System-Monitorings&#8220; _builder_version=&#8220;4.9.4&#8243; _module_preset=&#8220;default&#8220; body_font=&#8220;|300|||||||&#8220; open=&#8220;off&#8220;]<\/p>\n<p><span>Alle Komponenten des Energiesystems werden zyklisch digital \u00fcberwacht. Im Fehlerfall werden automatisch die zust\u00e4ndigen Handwerker in Echtzeit alarmiert.<\/span><\/p>\n<p><span>Bei Abweichungen vom Normverhalten werden unsere Mitarbeiter zeitgleich informiert, die dann f\u00fcr Abhilfe sorgen.<\/span><\/p>\n<ul><\/ul>\n<ul><\/ul>\n<p>[\/et_pb_accordion_item][et_pb_accordion_item title=&#8220;Bau\u00fcberwachung \/ Qualit\u00e4tssicherung (HOAI LPH 8)&#8220; _builder_version=&#8220;4.9.4&#8243; _module_preset=&#8220;default&#8220; body_font=&#8220;|300|||||||&#8220; open=&#8220;off&#8220;]<\/p>\n<p><span>Wir stellen durch unsere Spezialisten sicher, dass die Planungen f\u00fcr das gesamte Energie-Managementsystem fachgerecht umgesetzt werden und dieses exakt funktioniert.<\/span><span>\u00a0<\/span><\/p>\n<p><span>Jeder Baufortschritt wird dokumentiert und die Wartbarkeit durch die Erstellung von aussagekr\u00e4ftigen Revisionsdokumenten sichergestellt.<\/span><\/p>\n<p>[\/et_pb_accordion_item][\/et_pb_accordion][\/et_pb_column][et_pb_column type=&#8220;1_2&#8243; _builder_version=&#8220;4.9.4&#8243; background_image=&#8220;https:\/\/enocoo.com\/wp-content\/uploads\/2021\/05\/electric-vehicle-charging-PVR4NPH-scaled.jpg&#8220; background_position=&#8220;center_left&#8220; border_radii=&#8220;on|20px|20px|20px|20px&#8220;][\/et_pb_column][\/et_pb_row][\/et_pb_section][et_pb_section fb_built=&#8220;1&#8243; prev_background_color=&#8220;#ffffff&#8220; _builder_version=&#8220;4.6.0&#8243; _module_preset=&#8220;default&#8220; background_color=&#8220;#f5f5ef&#8220; custom_margin=&#8220;80px||||false|false&#8220; custom_padding=&#8220;||31px||false|false&#8220; top_divider_style=&#8220;wave2&#8243; locked=&#8220;off&#8220;][et_pb_row column_structure=&#8220;1_2,1_2&#8243; use_custom_gutter=&#8220;on&#8220; gutter_width=&#8220;1&#8243; make_equal=&#8220;on&#8220; _builder_version=&#8220;4.5.6&#8243; _module_preset=&#8220;default&#8220; custom_margin=&#8220;-150px||||false|false&#8220; custom_padding=&#8220;0px||0px||false|false&#8220; border_radii=&#8220;on|50px|50px|50px|50px&#8220;][et_pb_column type=&#8220;1_2&#8243; _builder_version=&#8220;4.5.6&#8243; _module_preset=&#8220;default&#8220; background_color=&#8220;#02a0b3&#8243; custom_padding=&#8220;40px|100px|40px|100px|true|true&#8220; custom_padding_tablet=&#8220;&#8220; custom_padding_phone=&#8220;40px|20px|40px|20px|true|true&#8220; custom_padding_last_edited=&#8220;on|phone&#8220; border_width_right=&#8220;1px&#8220; border_color_right=&#8220;#FFFFFF&#8220; border_width_left=&#8220;0px&#8220; border_color_left=&#8220;#FFFFFF&#8220; border_width_right_tablet=&#8220;&#8220; border_width_right_phone=&#8220;0px&#8220; border_width_right_last_edited=&#8220;on|phone&#8220;][et_pb_text _builder_version=&#8220;4.5.6&#8243; _module_preset=&#8220;default&#8220; text_font=&#8220;|300||on|||||&#8220; text_text_color=&#8220;#FFFFFF&#8220; text_font_size=&#8220;12px&#8220; text_letter_spacing=&#8220;1px&#8220; text_orientation=&#8220;center&#8220;]<\/p>\n<p>f\u00fcr Interessierte<\/p>\n<p>[\/et_pb_text][et_pb_blurb title=&#8220;Sie ben\u00f6tigen Informationen zur enocoo Software?&#8220; _builder_version=&#8220;4.5.6&#8243; _module_preset=&#8220;default&#8220; header_font=&#8220;Catamaran||||||||&#8220; header_font_size=&#8220;32px&#8220; body_font=&#8220;Ubuntu|300|||||||&#8220; body_font_size=&#8220;18px&#8220; text_orientation=&#8220;center&#8220; background_layout=&#8220;dark&#8220; custom_padding=&#8220;20px||||false|false&#8220;]<\/p>\n<p>Finden Sie hier alle Informationen zu Funktionalit\u00e4t und Nutzen.<\/p>\n<p>[\/et_pb_blurb][et_pb_button button_url=&#8220;@ET-DC@eyJkeW5hbWljIjp0cnVlLCJjb250ZW50IjoicG9zdF9saW5rX3VybF9wYWdlIiwic2V0dGluZ3MiOnsicG9zdF9pZCI6IjUwMTcyIn19@&#8220; button_text=&#8220;enocoo Konzept&#8220; button_alignment=&#8220;center&#8220; _builder_version=&#8220;4.9.4&#8243; _dynamic_attributes=&#8220;button_url&#8220; _module_preset=&#8220;default&#8220; custom_button=&#8220;on&#8220; button_text_size=&#8220;16px&#8220; button_text_color=&#8220;#02a0b3&#8243; button_bg_color=&#8220;#FFFFFF&#8220; button_border_radius=&#8220;30px&#8220; button_font=&#8220;Ubuntu||||||||&#8220; custom_margin=&#8220;30px||||false|false&#8220; custom_padding=&#8220;5px|30px|5px|30px|true|true&#8220;][\/et_pb_button][\/et_pb_column][et_pb_column type=&#8220;1_2&#8243; _builder_version=&#8220;4.5.6&#8243; _module_preset=&#8220;default&#8220; background_color=&#8220;#62b558&#8243; custom_padding=&#8220;40px|100px|40px|100px|true|true&#8220; custom_padding_tablet=&#8220;&#8220; custom_padding_phone=&#8220;40px|20px|40px|20px|true|true&#8220; custom_padding_last_edited=&#8220;on|phone&#8220; border_width_right=&#8220;0px&#8220; border_color_right=&#8220;#FFFFFF&#8220; border_width_left=&#8220;1px&#8220; border_color_left=&#8220;#FFFFFF&#8220; border_width_left_tablet=&#8220;&#8220; border_width_left_phone=&#8220;0px&#8220; border_width_left_last_edited=&#8220;on|phone&#8220;][et_pb_text _builder_version=&#8220;4.5.6&#8243; _module_preset=&#8220;default&#8220; text_font=&#8220;|300||on|||||&#8220; text_text_color=&#8220;#FFFFFF&#8220; text_font_size=&#8220;12px&#8220; text_letter_spacing=&#8220;1px&#8220; text_orientation=&#8220;center&#8220;]<\/p>\n<p>f\u00fcr \u00dcberzeugte<\/p>\n<p>[\/et_pb_text][et_pb_blurb title=&#8220;Entdecken Sie unser Angebot und wie Sie davon profitieren!&#8220; _builder_version=&#8220;4.5.6&#8243; _module_preset=&#8220;default&#8220; header_font=&#8220;Catamaran||||||||&#8220; header_font_size=&#8220;32px&#8220; body_font=&#8220;Ubuntu|300|||||||&#8220; body_font_size=&#8220;18px&#8220; text_orientation=&#8220;center&#8220; background_layout=&#8220;dark&#8220; custom_padding=&#8220;20px||||false|false&#8220;]<\/p>\n<p>Unser Team ber\u00e4t Sie gerne zu unserer Softwarel\u00f6sung.<\/p>\n<p>[\/et_pb_blurb][et_pb_button button_url=&#8220;@ET-DC@eyJkeW5hbWljIjp0cnVlLCJjb250ZW50IjoicG9zdF9saW5rX3VybF9wYWdlIiwic2V0dGluZ3MiOnsicG9zdF9pZCI6IjUwNTI2In19@&#8220; button_text=&#8220;enocoo Angebot&#8220; button_alignment=&#8220;center&#8220; _builder_version=&#8220;4.9.4&#8243; _dynamic_attributes=&#8220;button_url&#8220; _module_preset=&#8220;default&#8220; custom_button=&#8220;on&#8220; button_text_size=&#8220;16px&#8220; button_text_color=&#8220;#62b558&#8243; button_bg_color=&#8220;#FFFFFF&#8220; button_border_radius=&#8220;30px&#8220; button_font=&#8220;Ubuntu||||||||&#8220; custom_margin=&#8220;30px||||false|false&#8220; custom_padding=&#8220;5px|30px|5px|30px|true|true&#8220;][\/et_pb_button][\/et_pb_column][\/et_pb_row][\/et_pb_section]<\/p>\n","protected":false},"excerpt":{"rendered":"<p>AngebotDie durchschnittliche CO2 -Einsparung betragen je nach Baustandard (EnEV\/KFW 55) und Heizsystem(\u00d6l\/Gas\/Pellets\/WP mit Std. Strommix) zwischen 1,8 und 3,8 t CO2 \/Jahr\/Wohneinheit.Unsere Leistungen von der Planung bis zur UmsetzungWir simulieren den Energiebedarf bei Neubauten und Bestandsimmobilien und liefern Ihnen Konzepte zur ausschlie\u00dflichen Nutzung von regenerativer Energie. Bei Bestandsimmobilien analysieren wir den Energiebedarf und zeigen Einspar-Potenziale [&hellip;]<\/p>\n","protected":false},"author":2,"featured_media":0,"parent":0,"menu_order":0,"comment_status":"closed","ping_status":"closed","template":"","meta":{"_et_pb_use_builder":"on","_et_pb_old_content":"","_et_gb_content_width":"","footnotes":""},"class_list":["post-50526","page","type-page","status-publish","hentry"],"_links":{"self":[{"href":"https:\/\/enocoo.com\/en\/wp-json\/wp\/v2\/pages\/50526","targetHints":{"allow":["GET"]}}],"collection":[{"href":"https:\/\/enocoo.com\/en\/wp-json\/wp\/v2\/pages"}],"about":[{"href":"https:\/\/enocoo.com\/en\/wp-json\/wp\/v2\/types\/page"}],"author":[{"embeddable":true,"href":"https:\/\/enocoo.com\/en\/wp-json\/wp\/v2\/users\/2"}],"replies":[{"embeddable":true,"href":"https:\/\/enocoo.com\/en\/wp-json\/wp\/v2\/comments?post=50526"}],"version-history":[{"count":7,"href":"https:\/\/enocoo.com\/en\/wp-json\/wp\/v2\/pages\/50526\/revisions"}],"predecessor-version":[{"id":50621,"href":"https:\/\/enocoo.com\/en\/wp-json\/wp\/v2\/pages\/50526\/revisions\/50621"}],"wp:attachment":[{"href":"https:\/\/enocoo.com\/en\/wp-json\/wp\/v2\/media?parent=50526"}],"curies":[{"name":"wp","href":"https:\/\/api.w.org\/{rel}","templated":true}]}}